{"id":35706,"date":"2024-07-22T14:28:49","date_gmt":"2024-07-22T12:28:49","guid":{"rendered":"https:\/\/www.verdi.bz.it\/?page_id=35706"},"modified":"2024-07-22T14:28:49","modified_gmt":"2024-07-22T12:28:49","slug":"pubblicita-elettorale-delle-associazioni-di-categoria-resta-impunita","status":"publish","type":"page","link":"https:\/\/www.verdi.bz.it\/it\/pubblicita-elettorale-delle-associazioni-di-categoria-resta-impunita\/","title":{"rendered":"Pubblicit\u00e0 elettorale delle associazioni di categoria: Resta impunita"},"content":{"rendered":"<p>COMUNICATO DI STAMPA.<\/p>\n<p>Dal 1998, l&#8217;opposizione nel Consiglio provinciale e regionale si batte contro la pratica, sempre pi\u00f9 impopolare ma sempre mantenuta, della pubblicit\u00e0 elettorale da parte di associazioni di categoria per singoli candidati e partiti. In realt\u00e0, nel 1998 era stata vietata con una legge regionale, ma non essendo previste sanzioni, la legge \u00e8 rimasta lettera morta. Per questo, da allora il gruppo dei Verdi a intervalli regolari presenta delle proposte di legge, l&#8217;ultima delle quali \u00e8 arrivata in Consiglio provinciale nel 2018, poco prima delle elezioni provinciali, quando \u00e8 stata respinta con 19:16 voti.<\/p>\n<p>Oggi, 22 luglio 2024, Brigitte Foppa, prima firmataria del nuovo disegno di legge, \u00e8 stata nella I Commissione legislativa del Consiglio provinciale, per presentarlo. Il disegno prevede che il divieto di pubblicit\u00e0 elettorale da parte di associazioni, associazioni di categoria e sindacati sia mantenuto nei 60 giorni precedenti le elezioni. In caso di mancato rispetto, \u00e8 prevista una sanzione pari al 50% del finanziamento pubblico ricevuto; il non-rispetto della legge deve poi essere pubblicato anche sul sito web del Consiglio.<\/p>\n<p>\u201cIl dibattito in commissione legislativa ha seguito percorsi gi\u00e0 noti. La maggioranza vuole continuare questa consuetudine, l&#8217;opposizione \u00e8 compatta nel respingerla. \u00c8 stato sottolineato quanto alcune associazioni agiscano in modo scorretto e quanto questo confonda la democrazia. \u00c8 soprattutto il libero mandato a essere limitato dal fatto che gli eletti, dopo le elezioni, sono in debito verso l&#8217;associazione che ha fatto la campagna elettorale per loro. Gli interessi di singoli gruppi cos\u00ec prevalgono sul bene comune. E tutto questo danneggia la politica nel suo complesso\u201d, ha dichiarato Foppa dopo la riunione della commissione.<\/p>\n<p>La mozione \u00e8 stata respinta con 3:3 voti a favore (s\u00ec: Atz-Tammerle, Holzeisen, Ploner A. &#8211; no: Scarafoni [Presidente], Noggler, Stauder). Il commento di Foppa: \u201cNon si riesce a fare passi avanti su questa questione. La maggioranza vuole proprio restare legata alle lobby. Particolarmente sorprendente: il voto contrario di Anna Scarafoni \u00e8. Il suo collega di partito Galateo aveva votato a favore nel 2018. Allora i Fratelli d&#8217;Italia non erano ancora in maggioranza\u201d.<\/p>\n<p style=\"text-align: right;\">22.07.2024<\/p>\n<p>Consiglieri Provinciali<\/p>\n<p>Brigitte Foppa<\/p>\n<p>Madeleine Rohrer<\/p>\n<p>Zeno Oberkofler<\/p>\n","protected":false},"excerpt":{"rendered":"<p>COMUNICATO DI STAMPA. Dal 1998, l&#8217;opposizione nel Consiglio provinciale e regionale si batte contro la pratica, sempre pi\u00f9 impopolare ma sempre mantenuta, della pubblicit\u00e0 elettorale da parte di associazioni di categoria per singoli candidati e partiti. In realt\u00e0, nel 1998 era stata vietata con una [&hellip;]<\/p>\n","protected":false},"author":13,"featured_media":25311,"parent":0,"menu_order":0,"comment_status":"closed","ping_status":"closed","template":"","meta":[],"_links":{"self":[{"href":"https:\/\/www.verdi.bz.it\/it\/wp-json\/wp\/v2\/pages\/35706"}],"collection":[{"href":"https:\/\/www.verdi.bz.it\/it\/wp-json\/wp\/v2\/pages"}],"about":[{"href":"https:\/\/www.verdi.bz.it\/it\/wp-json\/wp\/v2\/types\/page"}],"author":[{"embeddable":true,"href":"https:\/\/www.verdi.bz.it\/it\/wp-json\/wp\/v2\/users\/13"}],"replies":[{"embeddable":true,"href":"https:\/\/www.verdi.bz.it\/it\/wp-json\/wp\/v2\/comments?post=35706"}],"version-history":[{"count":1,"href":"https:\/\/www.verdi.bz.it\/it\/wp-json\/wp\/v2\/pages\/35706\/revisions"}],"predecessor-version":[{"id":35708,"href":"https:\/\/www.verdi.bz.it\/it\/wp-json\/wp\/v2\/pages\/35706\/revisions\/35708"}],"wp:featuredmedia":[{"embeddable":true,"href":"https:\/\/www.verdi.bz.it\/it\/wp-json\/wp\/v2\/media\/25311"}],"wp:attachment":[{"href":"https:\/\/www.verdi.bz.it\/it\/wp-json\/wp\/v2\/media?parent=35706"}],"curies":[{"name":"wp","href":"https:\/\/api.w.org\/{rel}","templated":true}]}}