{"id":34153,"date":"2023-09-04T10:38:58","date_gmt":"2023-09-04T08:38:58","guid":{"rendered":"https:\/\/www.verdi.bz.it\/?page_id=34153"},"modified":"2023-09-04T15:14:30","modified_gmt":"2023-09-04T13:14:30","slug":"unsere-themen","status":"publish","type":"page","link":"https:\/\/www.verdi.bz.it\/it\/unsere-themen\/","title":{"rendered":"Unsere Themen"},"content":{"rendered":"<p>[vc_row][vc_column][vc_column_text]<\/p>\n<h1>Deine Zukunft. Per te. V\u00ebrt fej.<\/h1>\n<p>Lavoriamo per un Alto Adige-S\u00fcdtirol a misura dei nostri nipoti. Ci assumiamo la responsabilit\u00e0 di preparare il futuro alle prossime generazioni. Occorrono buona volont\u00e0, solidariet\u00e0 e obiettivi chiari. Insieme possiamo farcela.<\/p>\n<p>Cos\u00ec immaginiamo un Sudtirolo moderno, equo e attento al clima:<\/p>\n<p>:[\/vc_column_text][vc_empty_space][vc_empty_space][\/vc_column][\/vc_row][vc_row][vc_column width=&#8221;1\/4&#8243;][vc_single_image image=&#8221;34038&#8243; img_size=&#8221;full&#8221; style=&#8221;vc_box_circle_2&#8243;][vc_empty_space height=&#8221;50px&#8221;][\/vc_column][vc_column width=&#8221;3\/4&#8243;][vc_column_text]<\/p>\n<h2>A misura di persona<\/h2>\n<p>Abbiamo bisogno che l\u2019economia, il turismo e l\u2019agricoltura riconoscano i propri limiti e siano in equilibrio. Impoverire la natura e sfruttare le persone alla lunga non \u00e8 sostenibile. Non facciamoci travolgere. Scopriamo l\u2019ospitalit\u00e0 e il senso di armonia che ci appartengono da sempre.<\/p>\n<p><em>Un esempio tra tanti<\/em>*:<\/p>\n<p>Rallentare il turismo: promuoviamo zone off-limits e ampliamo i parchi naturali. Con la certificazione-clima sistematica delle nostre aziende creiamo trasparenza sui costi e possiamo sostenere chi \u00e8 attento al clima.<\/p>\n<p>[\/vc_column_text][\/vc_column][\/vc_row][vc_row css=&#8221;.vc_custom_1536573295355{margin-top: 30px !important;}&#8221;][vc_column width=&#8221;1\/4&#8243;][vc_single_image image=&#8221;33820&#8243; img_size=&#8221;full&#8221; style=&#8221;vc_box_circle_2&#8243;][vc_empty_space height=&#8221;50px&#8221;][\/vc_column][vc_column width=&#8221;3\/4&#8243;][vc_column_text]<\/p>\n<h2>Una mobilit\u00e0 attenta al clima<\/h2>\n<p>Gestiamo il traffico, anzich\u00e9 subirlo. Sosteniamo la mobilit\u00e0 delle persone, non dei veicoli. Infrastrutture come la ferrovia in Val Pusteria, tra Merano e Bolzano, piste ciclabili e sentieri possono essere creati in poco tempo per garantire una mobilit\u00e0 ecocompatibile, concorrenziale e bella.<\/p>\n<p><em>Un esempio tra tanti<\/em>*:<\/p>\n<p>Un \u201cbiglietto-clima\u201d e un diffuso sistema di car sharing avvantaggiano le famiglie, rendendo possibile una buona mobilit\u00e0 anche senza possedere un\u2019auto. Ogni persona deve poter tornare a casa la sera \u2013 anche senz\u2019auto.<\/p>\n<p>[\/vc_column_text][\/vc_column][\/vc_row][vc_row css=&#8221;.vc_custom_1536573295355{margin-top: 30px !important;}&#8221;][vc_column width=&#8221;1\/4&#8243;][vc_single_image image=&#8221;30696&#8243; img_size=&#8221;full&#8221; style=&#8221;vc_box_circle_2&#8243;][vc_empty_space height=&#8221;50px&#8221;][\/vc_column][vc_column width=&#8221;3\/4&#8243;][vc_column_text]<\/p>\n<h2>Riscaldiamo e illuminiamo con energia rinnovabile<\/h2>\n<p>In Alto Adige possiamo produrre energia rinnovabile e a basso costo. Puntiamo su fotovoltaico, geotermia, comunit\u00e0 energetiche ed eolico, valutiamo la possibilit\u00e0 di affiancare le centrali idroelettriche con stazioni di pompaggio.<\/p>\n<p><em>Un esempio per tutti<\/em>*:<\/p>\n<p>Una svolta energetica fatta da e per le persone \u00e8 realizzabile abbandonando i grandi produttori a favore di una produzione energetica democratica, vicina alla cittadinanza. La mano pubblica finanzia il cambio delle caldaie nelle case utilizzando gli utili di Alperia.<\/p>\n<p>[\/vc_column_text][\/vc_column][\/vc_row][vc_row css=&#8221;.vc_custom_1536573295355{margin-top: 30px !important;}&#8221;][vc_column width=&#8221;1\/4&#8243;][vc_single_image image=&#8221;31173&#8243; img_size=&#8221;full&#8221; style=&#8221;vc_box_circle_2&#8243;][vc_empty_space height=&#8221;50px&#8221;][\/vc_column][vc_column width=&#8221;3\/4&#8243;][vc_column_text]<\/p>\n<h2>Uguali diritti, uguali opportunit\u00e0<\/h2>\n<p>Tutte le persone, ricche o povere, in periferia o in citt\u00e0 devono avere le stesse opportunit\u00e0 formative. Occorrono migliori condizioni di lavoro e stipendi pi\u00f9 alti per coloro che lavorano nel sistema di istruzione e formazione. I servizi devono essere in rete e pi\u00f9 facilmente accessibili. Le professioni dell\u2019ambito sociale devono essere rese pi\u00f9 attrattive.<\/p>\n<p><em>Un esempio per tutti<\/em>*:<\/p>\n<p>Formazione, carriera e stipendi del personale nei settori istruzione, formazione e sociale sono una priorit\u00e0. Occorre ridurre lo stress e assegnare risorse necessarie a situazioni problematiche.<\/p>\n<p>[\/vc_column_text][\/vc_column][\/vc_row][vc_row css=&#8221;.vc_custom_1536573295355{margin-top: 30px !important;}&#8221;][vc_column width=&#8221;1\/4&#8243;][vc_single_image image=&#8221;21822&#8243; img_size=&#8221;full&#8221; style=&#8221;vc_box_circle_2&#8243;][vc_empty_space height=&#8221;50px&#8221;][\/vc_column][vc_column width=&#8221;3\/4&#8243;][vc_column_text]<\/p>\n<h2>La salute \u00e8 un diritto garantito<\/h2>\n<p>Essere in salute non significa non essere malati. Dopo la pandemia ci sono molte persone che non stanno bene. Il servizio sanitario deve essere efficiente e occuparsi delle persone, a ogni et\u00e0 e in ogni situazione di vita, comprese le crisi psicologiche e il fine di vita.<\/p>\n<p><em>Un esempio per tutti<\/em>*:<\/p>\n<p>Riduzione dei tempi di attesa con un funzionale sistema delle prenotazioni, ampliamento del servizio sanitario territoriale e attenzione ai membri familiari che curano anziani o malati a casa: il loro lavoro deve essere riconosciuto.<\/p>\n<p>[\/vc_column_text][\/vc_column][\/vc_row][vc_row css=&#8221;.vc_custom_1536573295355{margin-top: 30px !important;}&#8221;][vc_column width=&#8221;1\/4&#8243;][vc_single_image image=&#8221;24117&#8243; img_size=&#8221;full&#8221; style=&#8221;vc_box_circle_2&#8243;][vc_empty_space height=&#8221;50px&#8221;][\/vc_column][vc_column width=&#8221;3\/4&#8243;][vc_column_text]<\/p>\n<h2>Alto Adige Sudtirolo \u00e8 attento alle famiglie e sostenibile economicamente<\/h2>\n<p>Un territorio cos\u00ec ricco ha risorse sufficienti per sostenere tutti i tipi di famiglia e rendere la loro vita meno difficile. Genitori con figli, genitori single, anziani, specialmente donne non devono essere sotto pressione economica e stress. Servono strutture aperte tutto il giorno, tutto l\u2019anno con costi accettabili per permettere dei ritmi quotidiani umani. Il budget per i costi della casa non deve superare il 30% delle spese familiari.<\/p>\n<p><em>Un esempio per tutti<\/em>*:<\/p>\n<p>Il 25% dei nuovi appartamenti deve essere messo in affitto a prezzo calmierato. E ci vuole un programma di edilizia pubblica che risponda finalmente all\u2019emergenza abitativa.<\/p>\n<p>&nbsp;<\/p>\n<p>[\/vc_column_text][\/vc_column][\/vc_row][vc_row][vc_column][vc_column_text]<\/p>\n<p>*Trovi tutte le altre proposte per un Alto Adige Sudtirolo a misura dei nostri nipoti nel programma elettorale dei Verdi.<\/p>\n<p>[\/vc_column_text][\/vc_column][\/vc_row]<\/p>\n","protected":false},"excerpt":{"rendered":"<p>[vc_row][vc_column][vc_column_text] Deine Zukunft. Per te. V\u00ebrt fej. Lavoriamo per un Alto Adige-S\u00fcdtirol a misura dei nostri nipoti. Ci assumiamo la responsabilit\u00e0 di preparare il futuro alle prossime generazioni. Occorrono buona volont\u00e0, solidariet\u00e0 e obiettivi chiari. Insieme possiamo farcela. Cos\u00ec immaginiamo un Sudtirolo moderno, equo e [&hellip;]<\/p>\n","protected":false},"author":4,"featured_media":0,"parent":0,"menu_order":0,"comment_status":"closed","ping_status":"closed","template":"","meta":[],"_links":{"self":[{"href":"https:\/\/www.verdi.bz.it\/it\/wp-json\/wp\/v2\/pages\/34153"}],"collection":[{"href":"https:\/\/www.verdi.bz.it\/it\/wp-json\/wp\/v2\/pages"}],"about":[{"href":"https:\/\/www.verdi.bz.it\/it\/wp-json\/wp\/v2\/types\/page"}],"author":[{"embeddable":true,"href":"https:\/\/www.verdi.bz.it\/it\/wp-json\/wp\/v2\/users\/4"}],"replies":[{"embeddable":true,"href":"https:\/\/www.verdi.bz.it\/it\/wp-json\/wp\/v2\/comments?post=34153"}],"version-history":[{"count":6,"href":"https:\/\/www.verdi.bz.it\/it\/wp-json\/wp\/v2\/pages\/34153\/revisions"}],"predecessor-version":[{"id":34159,"href":"https:\/\/www.verdi.bz.it\/it\/wp-json\/wp\/v2\/pages\/34153\/revisions\/34159"}],"wp:attachment":[{"href":"https:\/\/www.verdi.bz.it\/it\/wp-json\/wp\/v2\/media?parent=34153"}],"curies":[{"name":"wp","href":"https:\/\/api.w.org\/{rel}","templated":true}]}}