{"id":24223,"date":"2020-03-09T17:39:50","date_gmt":"2020-03-09T16:39:50","guid":{"rendered":"https:\/\/www.verdi.bz.it\/?page_id=24223"},"modified":"2020-03-26T15:07:47","modified_gmt":"2020-03-26T14:07:47","slug":"5g-veniamo-al-dunque","status":"publish","type":"page","link":"https:\/\/www.verdi.bz.it\/it\/5g-veniamo-al-dunque\/","title":{"rendered":"5G &#8211; Veniamo al dunque!"},"content":{"rendered":"<p>[vc_row][vc_column][vc_column_text]<\/p>\n<h1>5G &#8211; Veniamo al dunque!<\/h1>\n<p>Il 5G risveglia associazioni e immaginari. La maggior parte delle volte non sono positivi. Una connessione migliore e pi\u00f9 veloce porta anche a una maggiore esposizione, pi\u00f9 insicurezza dei dati e pi\u00f9 malattie? L&#8217;unica certezza: ne sappiamo ancora troppo poco.<\/p>\n<p>Gi\u00e0 nel settembre 2019 abbiamo organizzato insieme ad altri gruppi consiliari una\u00a0<strong><a href=\"https:\/\/www.verdi.bz.it\/it\/cs-5g-veniamo-al-dunque\/\">Conferenza stampa<\/a><\/strong>, sulla necessit\u00e0 di una audizione su questo tema cos\u00ec complesso.<\/p>\n<p>Il <strong><a href=\"https:\/\/www.verdi.bz.it\/it\/5g-wir-wollens-wissen-zwischen-erwartungen-und-risiken\/\">Convegno &#8220;5G &#8211; Veniamo al dunque. Tra aspettative e rischi&#8221;<\/a><\/strong>\u00a0ha avuto finalmente luogo il 27 febbraio 2020 ed \u00e8 stato organizzato dai gruppi dei Verdi, del PD, del Movimento 5*, dei Freiheitlichen, del Team K e dekka S\u00fcd-Tiroler Freiheit. Esperti ed esperte da diversi ambiti scientifici ed economici hanno portato dati, fatti, informazioni per offrire un quadro il pi\u00f9 ampio e obiettivo possibile.[\/vc_column_text][vc_empty_space][vc_column_text]<\/p>\n<p style=\"padding-left: 30px;\">Il programa completo pu\u00f2 essere scaricato\u00a0<strong><span style=\"color: #33cccc;\"><a style=\"color: #33cccc;\" href=\"https:\/\/www.verdi.bz.it\/wp-content\/uploads\/2020\/02\/A3-Plakat-5G.pdf\">qui<\/a><\/span><\/strong>.<\/p>\n<p style=\"padding-left: 30px;\">Le dichiarazioni di alcune esperte e dei gruppi responsabili dell&#8217;organizzazione del convegno possono essere visualizzate su questo <strong><a href=\"https:\/\/www.youtube.com\/playlist?list=PLAVkah8spVGw2RIYWdvnqNHLJ946mfzHq\">canale video<\/a><\/strong>.<\/p>\n<p style=\"padding-left: 30px;\">Abbiamo riassunto la situazione giuridica dell&#8217;UE, quella italiana e quella altoatesina in queste\u00a0<strong><a href=\"https:\/\/www.verdi.bz.it\/wp-content\/uploads\/2020\/02\/FACTSHEET-5G.pdf\">schede<\/a><\/strong>.<\/p>\n<p style=\"padding-left: 30px;\">Per i Comuni abbiamo elaborato una\u00a0<strong><a href=\"https:\/\/www.verdi.bz.it\/wp-content\/uploads\/2019\/12\/5G-Europ\u00e4isches-Vorsorgeprinzip-walten-lassen.docx\">mozione modello<\/a><\/strong>, nella quale viene chiesto di far valere il principio di cautela.<\/p>\n<p style=\"padding-left: 30px;\">In questa <a href=\"https:\/\/www.verdi.bz.it\/wp-content\/uploads\/2020\/03\/Pressespiegel_RassegnaStampa_5G.pdf\"><strong>cartella stampa<\/strong><\/a>\u00a0potete vedere la reazione mediatica al convegno.<\/p>\n<p>[\/vc_column_text][\/vc_column][\/vc_row][vc_row][vc_column][vc_empty_space][\/vc_column][\/vc_row][vc_row][vc_column][vc_column_text]<\/p>\n<h2>Le esperte e gli esperti<\/h2>\n<p>[\/vc_column_text][\/vc_column][\/vc_row][vc_row][vc_column][vc_empty_space][\/vc_column][\/vc_row][vc_row][vc_column width=&#8221;1\/4&#8243;][vc_single_image image=&#8221;24165&#8243; img_size=&#8221;full&#8221; onclick=&#8221;link_image&#8221;][\/vc_column][vc_column width=&#8221;3\/4&#8243;][vc_column_text]<span style=\"color: #000000;\">Lo dice<\/span><span style=\"color: #000000;\">\u00a0<strong><a style=\"color: #000000;\" href=\"https:\/\/youtu.be\/zxNXChPdZVk\">il direttore del laboratorio provinciale d&#8217;analisi aria e radioprotezione<\/a><\/strong><\/span><\/p>\n<p>Luca Verdi \u00e8 fisico e negli ultimi mesi una delle persone pi\u00f9 richieste di tutta la Provincia. Va in giro per tutto il territorio per portare informazioni e chiarimenti sul 5G nei vari comuni. Non esiste ormai quasi conferenza in cui non sia presente.<\/p>\n<p>Qui potete scaricare la <strong><a href=\"https:\/\/www.verdi.bz.it\/wp-content\/uploads\/2020\/03\/Verdi_def_5G.pdf\">presentazione<\/a><\/strong>.[\/vc_column_text][\/vc_column][\/vc_row][vc_row][vc_column][vc_empty_space][\/vc_column][\/vc_row][vc_row][vc_column width=&#8221;1\/4&#8243;][vc_single_image image=&#8221;24186&#8243; img_size=&#8221;full&#8221; onclick=&#8221;link_image&#8221;][\/vc_column][vc_column width=&#8221;3\/4&#8243;][vc_column_text]Lo dice <strong><a href=\"https:\/\/youtu.be\/AnakcUO2meY\">Direttrice scientifica dell&#8217;Istituto Ramazzini<\/a><\/strong><\/p>\n<p>Fiorella Belpoggi \u00e8 biologa ed esperta di ricerche sugli agenti che possono provocare il cancro o altre malattie degenerative (amianto, pesticidi, radiazioni, campi elettromagnetici, ecc.). Tra le altre cose \u00e8 membro dell&#8217;Accademia internazionale per\u00a0patologie tossicologiche\u00a0 e della New York Academy of Sciences.<\/p>\n<p>Qui potete scaricare la <strong><a href=\"https:\/\/www.verdi.bz.it\/wp-content\/uploads\/2020\/03\/Belpoggi_def_sito.pdf\">presentazione<\/a><\/strong>.[\/vc_column_text][\/vc_column][\/vc_row][vc_row][vc_column][vc_empty_space][\/vc_column][\/vc_row][vc_row][vc_column width=&#8221;1\/4&#8243;][vc_single_image image=&#8221;24167&#8243; img_size=&#8221;full&#8221; onclick=&#8221;link_image&#8221;][\/vc_column][vc_column width=&#8221;3\/4&#8243;][vc_column_text]Lo dice il<strong> CTO<\/strong><\/p>\n<p>Elmar Grasser, originario della Val Venosta ha studiato informatica a Vienna\u00a0e ha poi lavorato come manager per diversi operatori di telefonia mobile in Austria e in Germania. Attualmente \u00e8 CTO (direttore tecnico) dell&#8217;operatore svizzero per le telecomunicazioni \u201cSunrise\u201d.<\/p>\n<p>Qui potete scaricare la <strong><a href=\"https:\/\/www.verdi.bz.it\/wp-content\/uploads\/2020\/03\/Grasser_def_5G.pdf\">presentazione<\/a><\/strong>.[\/vc_column_text][\/vc_column][\/vc_row][vc_row][vc_column][vc_empty_space][\/vc_column][\/vc_row][vc_row][vc_column width=&#8221;1\/4&#8243;][vc_single_image image=&#8221;24170&#8243; img_size=&#8221;full&#8221; onclick=&#8221;link_image&#8221;][\/vc_column][vc_column width=&#8221;3\/4&#8243;][vc_column_text]Lo dice\u00a0<strong><a href=\"https:\/\/youtu.be\/J7DWKFjdk-U\">l&#8217;oncologa<\/a><\/strong><\/p>\n<p>Patrizia Gentilini \u00e8 membro del Comitato scientifico dell&#8217;ISDE (Associazione Italiana Medici per l\u2019Ambiente Radiofrequenze) e dispone di una lunga esperienza clinica in oncologia e in ematologia. Si occupa principalmente di prevenzione e tutela della salute pubblica attraverso la riduzione dei fattori di rischio legati all&#8217;ambiente.<\/p>\n<p>Qui potete scaricare la <strong><a href=\"https:\/\/www.verdi.bz.it\/wp-content\/uploads\/2020\/03\/Gentilini_def_5G.pdf\">presentazione<\/a><\/strong>.[\/vc_column_text][\/vc_column][\/vc_row][vc_row][vc_column][vc_empty_space][\/vc_column][\/vc_row][vc_row][vc_column width=&#8221;1\/4&#8243;][vc_single_image image=&#8221;24174&#8243; img_size=&#8221;full&#8221; onclick=&#8221;link_image&#8221;][\/vc_column][vc_column width=&#8221;3\/4&#8243;][vc_column_text]Lo dice l&#8217;epidemiologo ambientale<\/p>\n<p>Martin R\u00f6\u00f6sli \u00e8 docente di epidemiologia ambientale e dirige l&#8217;unit\u00e0 &#8220;Ambiente e salute&#8221; presso l&#8217;Istituto svizzero Tropical and Public Health\u00a0 dell&#8217;Universit\u00e0 di Basilea. Dedica la sua ricerca all&#8217;esposizione e alle sue conseguenze sulla salute di diversi fattori ambientali come radiazioni, inquinamento atmosferico, rumore, clima, pesticidi e fumo passivo. Ha realizzato decine di studi e pubblicato alcune centinaia di testi scientifici.<\/p>\n<p>Qui potete scaricare la <strong><a href=\"https:\/\/www.verdi.bz.it\/wp-content\/uploads\/2020\/03\/R\u00f6\u00f6sli_def.pdf\">presentazione<\/a><\/strong>.[\/vc_column_text][\/vc_column][\/vc_row][vc_row][vc_column][vc_empty_space][\/vc_column][\/vc_row][vc_row][vc_column][\/vc_column][\/vc_row]<\/p>\n","protected":false},"excerpt":{"rendered":"<p>[vc_row][vc_column][vc_column_text] 5G &#8211; Veniamo al dunque! Il 5G risveglia associazioni e immaginari. La maggior parte delle volte non sono positivi. Una connessione migliore e pi\u00f9 veloce porta anche a una maggiore esposizione, pi\u00f9 insicurezza dei dati e pi\u00f9 malattie? L&#8217;unica certezza: ne sappiamo ancora troppo [&hellip;]<\/p>\n","protected":false},"author":13,"featured_media":24709,"parent":0,"menu_order":0,"comment_status":"closed","ping_status":"closed","template":"","meta":[],"_links":{"self":[{"href":"https:\/\/www.verdi.bz.it\/it\/wp-json\/wp\/v2\/pages\/24223"}],"collection":[{"href":"https:\/\/www.verdi.bz.it\/it\/wp-json\/wp\/v2\/pages"}],"about":[{"href":"https:\/\/www.verdi.bz.it\/it\/wp-json\/wp\/v2\/types\/page"}],"author":[{"embeddable":true,"href":"https:\/\/www.verdi.bz.it\/it\/wp-json\/wp\/v2\/users\/13"}],"replies":[{"embeddable":true,"href":"https:\/\/www.verdi.bz.it\/it\/wp-json\/wp\/v2\/comments?post=24223"}],"version-history":[{"count":11,"href":"https:\/\/www.verdi.bz.it\/it\/wp-json\/wp\/v2\/pages\/24223\/revisions"}],"predecessor-version":[{"id":24332,"href":"https:\/\/www.verdi.bz.it\/it\/wp-json\/wp\/v2\/pages\/24223\/revisions\/24332"}],"wp:featuredmedia":[{"embeddable":true,"href":"https:\/\/www.verdi.bz.it\/it\/wp-json\/wp\/v2\/media\/24709"}],"wp:attachment":[{"href":"https:\/\/www.verdi.bz.it\/it\/wp-json\/wp\/v2\/media?parent=24223"}],"curies":[{"name":"wp","href":"https:\/\/api.w.org\/{rel}","templated":true}]}}