{"id":15345,"date":"2018-07-10T08:14:14","date_gmt":"2018-07-10T06:14:14","guid":{"rendered":"http:\/\/www.verdi.bz.it\/?page_id=15345"},"modified":"2024-08-06T11:55:35","modified_gmt":"2024-08-06T09:55:35","slug":"la-storia-dei-verdi-sudtirolesi","status":"publish","type":"page","link":"https:\/\/www.verdi.bz.it\/it\/la-storia-dei-verdi-sudtirolesi\/","title":{"rendered":"La storia dei Verdi sudtirolesi"},"content":{"rendered":"<p>[vc_row][vc_column][vc_column_text]<\/p>\n<h1>La storia dei Verdi<\/h1>\n<div class=\"content\">\n<p><strong>Verdi\u00b7Gr\u00fcne\u00b7V\u00ebrc: storia di un partito verde in una regione alpina.<\/strong><\/p>\n<\/div>\n<p>Noi Verdi del Sudtirolo Verdi\u00b7Gr\u00fcne\u00b7V\u00ebrc (VGV), siamo un Partito ecologista regionale e di sinistra attivo nella Provincia autonoma di Bolzano, collocata sul confine settentrionale dell\u2019Italia. Siamo espressione di questa regione plurilingue in cui convivono persone di lingua tedesca, italiana, ladina e di 140 altre diverse nazionalit\u00e0.<\/p>\n<p>In una regione come l\u2019Alto Adige\/S\u00fcdtirol, che appartiene all\u2019Italia dal 1919 e che \u00e8 caratterizzata da movimenti e partiti che si orientano principalmente secondo la separazione etnica, noi Verdi cerchiamo di realizzare una politica inclusiva e multiculturale, sempre nel pieno rispetto della natura e dell\u2019ambiente in questo spazio alpino fragile e prezioso.<\/p>\n<p>I VGV furono fondati nel 1979 e, dopo la S\u00fcdtiroler Volkspartei (SVP) fondata gi\u00e0 nel 1945, sono il partito con la tradizione pi\u00f9 lunga in Consiglio provinciale.<\/p>\n<p>Fino a pochi anni fa facevamo parte della \u201cFederazione nazionale dei Verdi\u201d, ma ora siamo un partito autonomo che alle ultime elezioni provinciali nel 2023 ha ottenuto il 9% dei voti.<\/p>\n<p>Noi VGV abbiamo le nostre radici nelle \u201cNeuen Linken\/Nuova Sinistra\u201d e nei movimenti ambientalisti degli Anni \u201870. Fondatore del movimento fu Alexander \u201cAlex\u201d Langer (1946-1995), nato a Vipiteno: un costruttore di ponti carismatico del movimento verde europeo e italiano, che negli ultimi anni della sua vita, dal 1989 al 1995, fu membro del Parlamento europeo (EP). Monica Frassoni, Daniel Cohn-Bendit e Sepp Kusstatscher affermarono nel 2005: \u201cAlcune delle idee e proposte di Alex ottennero un consenso che and\u00f2 ben oltre il nostro ambiente politico e ancora oggi ci si ricorda di lui come di uno dei membri pi\u00f9 significativi dell\u2019istituzione parlamentare europea\u201d.<\/p>\n<p>Dal 1978 i Verdi si presentano alle elezioni, ma la fondazione ufficiale e formale del partito avvenne solo nel\u00a0 1996. Durante questi anni i nostri predecessori si sono presentati sotto varie denominazioni: \u201cNeue Linke\/Nuova Sinistra\u201d (1978), \u201cAlternative Liste f\u00fcr das andere S\u00fcdtirol\/Lista alternativa per l&#8217;altro Sudtirolo\u201d (1983), \u201cGr\u00fcn-Alternative Liste \u2013 Lista Verde Alternativa\u201d (1988) e infine \u201cVerdi\u00b7Gr\u00fcne\u00b7V\u00ebrc\u201d.<\/p>\n<p>Abbiamo ottenuto sempre dei risultati molto soddisfacenti, soprattutto negli ultimi decenni. Nel 2003 ottenemmo il 7,9% dei voti, eleggendo 3 rappresentanti: Cristina Kury (*1949), eletta la prima volta gi\u00e0 nel 1993 era (ed \u00e8 tutt\u2019oggi) una politica che ha garantito continuit\u00e0 dopo la morte di Langer; Sepp Kusstatscher (*1947), ex esponente della SVP e Hans Heiss (*1952).<\/p>\n<p>Alle elezioni per il Parlamento europeo 2004 raggiungemmo il 13,1% dei voti in Alto Adige\/S\u00fcdtirol, il nostro risultato migliore sino a oggi, portando cos\u00ec Sepp Kusstatscher in Europa al posto di Reinhold Messner.<\/p>\n<p>Nel 2008 Cristina Kury non si ricandid\u00f2 pi\u00f9 e raggiungemmo solo il 5,8% dei voti, perdendo cos\u00ec un seggio. Gli eletti furono\u00a0 Hans Heiss e Riccardo Dello Sbarba. Il secondo era entrato in Consiglio nel corso della legislatura precedente sostituendo Kusstatscher, che nel frattempo era stato eletto in Parlamento europeo.<\/p>\n<p>Riccardo Dello Sbarba ricopr\u00ec la carica di Presidente del Consiglio provinciale dal 2006 al 2008, anche se noi Verdi ci trovavamo all\u2019opposizione. Gi\u00e0 Alessandra Zendron, eletta per i Verdi nel 1993, aveva ricoperto questa importante carica dal 2001 al 2003, dando pienamente voce al ruolo centrale delle donne nel nostro partito, presenti e protagoniste sin dagli inizi con Andreina Emeri (1935-1985).<\/p>\n<p>Alle elezioni politiche del 2013 non seguimmo i Verdi nazionali nell\u2019alleanza con \u201cRivoluzione Civile\u201d, ma decidemmo di sostenere, \u201cSinistra Ecologia Libert\u00e0\u201d con Florian Kronbichler in lista, il quale \u00e8 stato il primo sudtirolese di lingua tedesca non SVP a essere eletto nel Parlamento italiano.<\/p>\n<p>Alle provinciali 2013 raggiungemmo l\u20198,7% dei voti, aumentando i consensi del 2,9 e raggiungendo cos\u00ec il nostro miglior risultato a livello provinciale. Entrarono in Consiglio 3 rappresentanti: Hans Heiss, Brigitte Foppa e Riccardo dello Sbarba. Alle europee 2014 sostenemmo la coalizione di sinistra \u201cL\u2019Altra Europa con Tsipras\u201d con la nostra candidata Oktavia Brugger.<\/p>\n<p>In generale siamo rappresentati meglio nei centri urbani, piuttosto che nelle zone rurali. Dal 2000 i Verdi di Bolzano fanno parte della maggioranza del capoluogo. Nel 2015 i VGV si sono presentati alle elezioni comunali di Merano in coalizione con una lista civica, vincendo la tornata elettorale. A Bressanone nel 2005 Hans Heiss era alla guida di una lista civica verde che ottenne il 27% dei voti, un risultato pi\u00f9 che rispettabile.<\/p>\n<p>Uno sguardo ai dati sull\u2019appartenenza linguistica dell\u2019elettorato verde rivela che per l\u201980% si tratta di persone di madrelingua tedesca e ladina, ma anche una forte minoranza di lingua italiana vota verde, nonostante a livello nazionale i Verdi siano quasi scomparsi.<\/p>\n<p>Noi Verdi siamo una delle forze politiche trainanti del Sudtirolo. Le nostre competenze coprono i temi pi\u00f9 vari, dall\u2019ambiente alla scuola, dall\u2019autonomia fino all\u2019economia e all\u2019energia. Il nostro partito sostiene l\u2019autonomia sudtirolese perch\u00e9 riteniamo sia la forma di governo migliore, per poter garantire diritti, sostenibilit\u00e0 e salute a tutte le persone residenti in questa terra particolare.[\/vc_column_text][vc_zigzag][vc_empty_space][\/vc_column][\/vc_row][vc_row][vc_column][vc_column_text][vc_row][vc_column][vc_column_text]<\/p>\n<h1><img loading=\"lazy\" class=\"wp-image-15866 size-medium alignleft\" src=\"https:\/\/www.verdi.bz.it\/wp-content\/uploads\/2018\/07\/EGP-logo-Shape_FlatTop.png\" alt=\"\" width=\"300\" height=\"159\" srcset=\"https:\/\/www.verdi.bz.it\/wp-content\/uploads\/2018\/07\/EGP-logo-Shape_FlatTop.png 1423w, https:\/\/www.verdi.bz.it\/wp-content\/uploads\/2018\/07\/EGP-logo-Shape_FlatTop-300x159.png 300w, https:\/\/www.verdi.bz.it\/wp-content\/uploads\/2018\/07\/EGP-logo-Shape_FlatTop-768x406.png 768w, https:\/\/www.verdi.bz.it\/wp-content\/uploads\/2018\/07\/EGP-logo-Shape_FlatTop-1024x542.png 1024w, https:\/\/www.verdi.bz.it\/wp-content\/uploads\/2018\/07\/EGP-logo-Shape_FlatTop-1100x582.png 1100w\" sizes=\"(max-width: 300px) 100vw, 300px\" \/>Verdi Gr\u00fcne V\u00ebrc<br \/>\nEGP &#8211; Member<\/h1>\n<p>[\/vc_column_text][\/vc_column][\/vc_row][vc_row][vc_column][vc_column_text]<strong>Dall&#8217;autunno 2019 i Verdi Sudtirolesi sono Full Member dei <a href=\"https:\/\/europeangreens.eu\/\">Verdi Europei<\/a>. (EGP).<\/strong><\/p>\n<p>Dopo un lungo processo, i Verdi dell\u2019Alto Adige sono stati accolti come membri a pieno titolo nel Partito Verde Europeo (EGP) il 10 novembre 2019, durante il 30\u00b0 Consiglio EGP a Tampere, in Finlandia. Da tempo, i Verdi dell\u2019Alto Adige cercavano di essere ammessi nel Partito Verde Europeo (EGP), con l\u2019obiettivo di rafforzare la componente europea nella politica dell\u2019Alto Adige, ottenere sostegno internazionale per la propria orientazione politica e affrontare questioni come la politica climatica, la migrazione, la giustizia sociale e l\u2019economia sostenibile oltre i confini stretti dell\u2019Alto Adige, in un contesto transnazionale. Tutto \u00e8 cominciato con i Giovani Verdi, che nel 2015 avevano instaurato i primi contatti con il Partito Verde Europeo a Lione. In seguito, i Verdi dell\u2019Alto Adige hanno presentato la richiesta di adesione all\u2019EGP. Da allora, le opportunit\u00e0 di scambio si sono costantemente ampliate. Nel 2016, i vertici dell\u2019EGP, con i co-presidenti Reinhard B\u00fctikofer e Monica Frassoni, sono venuti in Alto Adige per una \u201cfact finding mission\u201d. Durante l\u2019estate, \u00e8 stato organizzato insieme un congresso internazionale a Merano sul turismo e il suo impatto sull\u2019ambiente. Verdi da tutta Europa sono venuti a Merano e hanno confermato quanto sia importante la rete internazionale, soprattutto per le questioni ambientali.<\/p>\n<p>Nell\u2019autunno del 2017, i Verdi dell\u2019Alto Adige sono stati accolti come Candidati Membri durante il congresso dell\u2019EGP a Karlstad, in Svezia, e nell\u2019autunno del 2019 sono diventati membri a pieno titolo. Un traguardo e un momento decisivo nella storia dei Verdi dell\u2019Alto Adige, che ormai conta quasi 40 anni, e un chiaro impegno a favore dell\u2019Europa come comunit\u00e0 di idee e valori.<\/p>\n<p><strong><a href=\"https:\/\/www.verdi.bz.it\/wp-content\/uploads\/2023\/03\/European-Green-Charter-Italian.pdf\">Carta dei Verdi europei<\/a><\/strong>[\/vc_column_text][\/vc_column][\/vc_row]<\/p>\n","protected":false},"excerpt":{"rendered":"<p>[vc_row][vc_column][vc_column_text] La storia dei Verdi Verdi\u00b7Gr\u00fcne\u00b7V\u00ebrc: storia di un partito verde in una regione alpina. Noi Verdi del Sudtirolo Verdi\u00b7Gr\u00fcne\u00b7V\u00ebrc (VGV), siamo un Partito ecologista regionale e di sinistra attivo nella Provincia autonoma di Bolzano, collocata sul confine settentrionale dell\u2019Italia. Siamo espressione di questa regione [&hellip;]<\/p>\n","protected":false},"author":1,"featured_media":0,"parent":0,"menu_order":0,"comment_status":"closed","ping_status":"closed","template":"","meta":[],"_links":{"self":[{"href":"https:\/\/www.verdi.bz.it\/it\/wp-json\/wp\/v2\/pages\/15345"}],"collection":[{"href":"https:\/\/www.verdi.bz.it\/it\/wp-json\/wp\/v2\/pages"}],"about":[{"href":"https:\/\/www.verdi.bz.it\/it\/wp-json\/wp\/v2\/types\/page"}],"author":[{"embeddable":true,"href":"https:\/\/www.verdi.bz.it\/it\/wp-json\/wp\/v2\/users\/1"}],"replies":[{"embeddable":true,"href":"https:\/\/www.verdi.bz.it\/it\/wp-json\/wp\/v2\/comments?post=15345"}],"version-history":[{"count":11,"href":"https:\/\/www.verdi.bz.it\/it\/wp-json\/wp\/v2\/pages\/15345\/revisions"}],"predecessor-version":[{"id":35736,"href":"https:\/\/www.verdi.bz.it\/it\/wp-json\/wp\/v2\/pages\/15345\/revisions\/35736"}],"wp:attachment":[{"href":"https:\/\/www.verdi.bz.it\/it\/wp-json\/wp\/v2\/media?parent=15345"}],"curies":[{"name":"wp","href":"https:\/\/api.w.org\/{rel}","templated":true}]}}